{"id":809,"date":"2021-06-16T09:04:25","date_gmt":"2021-06-16T09:04:25","guid":{"rendered":"https:\/\/conseilavocate.live-website.com\/?page_id=52"},"modified":"2023-04-27T15:20:52","modified_gmt":"2023-04-27T15:20:52","slug":"droit-des-expatries","status":"publish","type":"page","link":"https:\/\/expatslawfirm.com\/fr\/droit-des-expatries\/","title":{"rendered":"FISCALIT\u00c9 INTERNATIONALE"},"content":{"rendered":"<div data-elementor-type=\"wp-post\" data-elementor-id=\"809\" class=\"elementor elementor-809\" data-elementor-post-type=\"page\">\n\t\t\t\t\t\t<section class=\"elementor-section elementor-top-section elementor-element elementor-element-45db5b9 elementor-section-boxed elementor-section-height-default elementor-section-height-default\" data-id=\"45db5b9\" data-element_type=\"section\" data-e-type=\"section\">\n\t\t\t\t\t\t<div class=\"elementor-container elementor-column-gap-default\">\n\t\t\t\t\t<div class=\"elementor-column elementor-col-100 elementor-top-column elementor-element elementor-element-4f06394\" data-id=\"4f06394\" data-element_type=\"column\" data-e-type=\"column\">\n\t\t\t<div class=\"elementor-widget-wrap elementor-element-populated\">\n\t\t\t\t\t\t<div class=\"elementor-element elementor-element-bdeef16 elementor-widget elementor-widget-spacer\" data-id=\"bdeef16\" data-element_type=\"widget\" data-e-type=\"widget\" data-widget_type=\"spacer.default\">\n\t\t\t\t<div class=\"elementor-widget-container\">\n\t\t\t\t\t\t\t<div class=\"elementor-spacer\">\n\t\t\t<div class=\"elementor-spacer-inner\"><\/div>\n\t\t<\/div>\n\t\t\t\t\t\t<\/div>\n\t\t\t\t<\/div>\n\t\t\t\t\t<\/div>\n\t\t<\/div>\n\t\t\t\t\t<\/div>\n\t\t<\/section>\n\t\t\t\t<section class=\"elementor-section elementor-top-section elementor-element elementor-element-727a3b8 elementor-section-boxed elementor-section-height-default elementor-section-height-default\" data-id=\"727a3b8\" data-element_type=\"section\" data-e-type=\"section\">\n\t\t\t\t\t\t<div class=\"elementor-container elementor-column-gap-default\">\n\t\t\t\t\t<div class=\"elementor-column elementor-col-50 elementor-top-column elementor-element elementor-element-4a6a226\" data-id=\"4a6a226\" data-element_type=\"column\" data-e-type=\"column\" data-settings=\"{&quot;background_background&quot;:&quot;classic&quot;}\">\n\t\t\t<div class=\"elementor-widget-wrap elementor-element-populated\">\n\t\t\t\t\t\t<div class=\"elementor-element elementor-element-3e15880 elementor-widget__width-initial elementor-widget elementor-widget-heading\" data-id=\"3e15880\" data-element_type=\"widget\" data-e-type=\"widget\" data-widget_type=\"heading.default\">\n\t\t\t\t<div class=\"elementor-widget-container\">\n\t\t\t\t\t<h1 class=\"elementor-heading-title elementor-size-xl\">Conseil en fiscalit\u00e9 <\/h1>\t\t\t\t<\/div>\n\t\t\t\t<\/div>\n\t\t\t\t<div class=\"elementor-element elementor-element-5c4bb05 elementor-widget elementor-widget-spacer\" data-id=\"5c4bb05\" data-element_type=\"widget\" data-e-type=\"widget\" data-widget_type=\"spacer.default\">\n\t\t\t\t<div class=\"elementor-widget-container\">\n\t\t\t\t\t\t\t<div class=\"elementor-spacer\">\n\t\t\t<div class=\"elementor-spacer-inner\"><\/div>\n\t\t<\/div>\n\t\t\t\t\t\t<\/div>\n\t\t\t\t<\/div>\n\t\t\t\t<div class=\"elementor-element elementor-element-a4e20b8 elementor-widget elementor-widget-text-editor\" data-id=\"a4e20b8\" data-element_type=\"widget\" data-e-type=\"widget\" data-widget_type=\"text-editor.default\">\n\t\t\t\t<div class=\"elementor-widget-container\">\n\t\t\t\t\t\t\t\t\t<p><span style=\"font-family: tahoma, arial, helvetica, sans-serif;\">Aussi merveilleux que l&#039;expatriation soit, cette derni\u00e8re reste pour un grand nombre d&#039;expatri\u00e9s une source d&#039;enjeux fiscaux difficiles \u00e0 g\u00e9rer. Peu importe o\u00f9 vous soyez dans le monde, quel que soit votre profession, la raison de votre d\u00e9part \u00e0 l&#039;\u00e9tranger ou votre lien encore actuel avec votre pays d&#039;origine, les probl\u00e9matiques fiscales subsistent. Notre \u00e9quipe d&#039;experts en fiscalit\u00e9 <span style=\"text-decoration: underline;\"><strong>agr\u00e9\u00e9 par les autorit\u00e9s fiscales<\/strong><\/span> est \u00e0 vos c\u00f4t\u00e9s pour toutes vos probl\u00e9matiques fiscales que vous pouvez rencontrer en tant qu&#039;expatri\u00e9\/non r\u00e9sident.<\/span><\/p><p><span style=\"font-family: tahoma, arial, helvetica, sans-serif;\">Le droit fiscal est partout :<\/span><\/p><ul><li><span style=\"font-family: tahoma, arial, helvetica, sans-serif;\">Que ce soit pour vous accompagner dans <span style=\"text-decoration: underline;\"><strong>la vie de votre entreprise<\/strong><\/span> encore existant en France, ou au contraire pour la cr\u00e9ation d&#039;une entreprise en France alors que vous \u00eates actuellement \u00e0 l&#039;\u00e9tranger.<\/span><\/li><li><span style=\"font-family: tahoma, arial, helvetica, sans-serif;\">Que ce soit pour g\u00e9rer ou vous aider dans vos <span style=\"text-decoration: underline;\"><strong>d\u00e9clarations d&#039;imp\u00f4ts dans votre pays d&#039;origine<\/strong> <strong>ou dans votre nouveau pays<\/strong><\/span> en raison d&#039;un immeuble, de biens, ou de revenus ou encore vous permettez d&#039;\u00e9viter une double imposition entre votre pays d&#039;accueil et votre pays d&#039;origine.<\/span><\/li><li><span style=\"font-family: tahoma, arial, helvetica, sans-serif;\">Que ce soit pour vous assister dans <span style=\"text-decoration: underline;\"><strong>vos d\u00e9marches aupr\u00e8s des administrations fiscales<\/strong><\/span> pour toutes les \u00e9tapes de votre vie.<\/span><\/li><li><span style=\"font-family: tahoma, arial, helvetica, sans-serif;\">Que ce soit plus g\u00e9n\u00e9ralement pour <span style=\"text-decoration: underline;\"><strong>une consultation ou un litige avec une autorit\u00e9 fiscale.<\/strong><\/span><\/span><\/li><\/ul>\t\t\t\t\t\t\t\t<\/div>\n\t\t\t\t<\/div>\n\t\t\t\t\t<\/div>\n\t\t<\/div>\n\t\t\t\t<div class=\"elementor-column elementor-col-50 elementor-top-column elementor-element elementor-element-fe120c0\" data-id=\"fe120c0\" data-element_type=\"column\" data-e-type=\"column\">\n\t\t\t<div class=\"elementor-widget-wrap elementor-element-populated\">\n\t\t\t\t\t\t<div class=\"elementor-element elementor-element-a87ed3e elementor-widget elementor-widget-image\" data-id=\"a87ed3e\" data-element_type=\"widget\" data-e-type=\"widget\" data-widget_type=\"image.default\">\n\t\t\t\t<div class=\"elementor-widget-container\">\n\t\t\t\t\t\t\t\t\t\t\t\t\t\t\t<img fetchpriority=\"high\" decoding=\"async\" width=\"1024\" height=\"1024\" src=\"https:\/\/expatslawfirm.com\/wp-content\/uploads\/2023\/04\/Sans-titre-59.png\" class=\"attachment-full size-full wp-image-1805\" alt=\"Expatriate Law\" srcset=\"https:\/\/expatslawfirm.com\/wp-content\/uploads\/2023\/04\/Sans-titre-59.png 1024w, https:\/\/expatslawfirm.com\/wp-content\/uploads\/2023\/04\/Sans-titre-59-300x300.png 300w, https:\/\/expatslawfirm.com\/wp-content\/uploads\/2023\/04\/Sans-titre-59-150x150.png 150w, https:\/\/expatslawfirm.com\/wp-content\/uploads\/2023\/04\/Sans-titre-59-768x768.png 768w, https:\/\/expatslawfirm.com\/wp-content\/uploads\/2023\/04\/Sans-titre-59-600x600.png 600w\" sizes=\"(max-width: 1024px) 100vw, 1024px\" \/>\t\t\t\t\t\t\t\t\t\t\t\t\t\t\t<\/div>\n\t\t\t\t<\/div>\n\t\t\t\t\t<\/div>\n\t\t<\/div>\n\t\t\t\t\t<\/div>\n\t\t<\/section>\n\t\t\t\t<section class=\"elementor-section elementor-top-section elementor-element elementor-element-b547372 elementor-section-boxed elementor-section-height-default elementor-section-height-default\" data-id=\"b547372\" data-element_type=\"section\" data-e-type=\"section\">\n\t\t\t\t\t\t<div class=\"elementor-container elementor-column-gap-default\">\n\t\t\t\t\t<div class=\"elementor-column elementor-col-100 elementor-top-column elementor-element elementor-element-9adec71\" data-id=\"9adec71\" data-element_type=\"column\" data-e-type=\"column\">\n\t\t\t<div class=\"elementor-widget-wrap elementor-element-populated\">\n\t\t\t\t\t\t<div class=\"elementor-element elementor-element-d0d060e elementor-widget elementor-widget-spacer\" data-id=\"d0d060e\" data-element_type=\"widget\" data-e-type=\"widget\" data-widget_type=\"spacer.default\">\n\t\t\t\t<div class=\"elementor-widget-container\">\n\t\t\t\t\t\t\t<div class=\"elementor-spacer\">\n\t\t\t<div class=\"elementor-spacer-inner\"><\/div>\n\t\t<\/div>\n\t\t\t\t\t\t<\/div>\n\t\t\t\t<\/div>\n\t\t\t\t\t<\/div>\n\t\t<\/div>\n\t\t\t\t\t<\/div>\n\t\t<\/section>\n\t\t\t\t<\/div>","protected":false},"excerpt":{"rendered":"<p>Conseil en fiscalit\u00e9 Aussi merveilleuse que l\u2019expatriation soit, cette derni\u00e8re reste pour un grand nombre d&#8217;expatri\u00e9s une source d\u2019enjeux fiscaux difficiles \u00e0 g\u00e9rer. Peu importe o\u00f9 vous soyez dans le monde, quel que soit votre profession, la raison de votre d\u00e9part \u00e0 l\u2019\u00e9tranger ou votre lien encore actuel avec votre pays d&#8217;origine, les probl\u00e9matiques fiscales [&hellip;]<\/p>\n","protected":false},"author":1,"featured_media":0,"parent":0,"menu_order":0,"comment_status":"open","ping_status":"open","template":"elementor_header_footer","meta":{"footnotes":""},"class_list":["post-809","page","type-page","status-publish","hentry","entry"],"_links":{"self":[{"href":"https:\/\/expatslawfirm.com\/fr\/wp-json\/wp\/v2\/pages\/809","targetHints":{"allow":["GET"]}}],"collection":[{"href":"https:\/\/expatslawfirm.com\/fr\/wp-json\/wp\/v2\/pages"}],"about":[{"href":"https:\/\/expatslawfirm.com\/fr\/wp-json\/wp\/v2\/types\/page"}],"author":[{"embeddable":true,"href":"https:\/\/expatslawfirm.com\/fr\/wp-json\/wp\/v2\/users\/1"}],"replies":[{"embeddable":true,"href":"https:\/\/expatslawfirm.com\/fr\/wp-json\/wp\/v2\/comments?post=809"}],"version-history":[{"count":21,"href":"https:\/\/expatslawfirm.com\/fr\/wp-json\/wp\/v2\/pages\/809\/revisions"}],"predecessor-version":[{"id":1950,"href":"https:\/\/expatslawfirm.com\/fr\/wp-json\/wp\/v2\/pages\/809\/revisions\/1950"}],"wp:attachment":[{"href":"https:\/\/expatslawfirm.com\/fr\/wp-json\/wp\/v2\/media?parent=809"}],"curies":[{"name":"wp","href":"https:\/\/api.w.org\/{rel}","templated":true}]}}