{"id":823,"date":"2019-12-16T17:57:57","date_gmt":"2019-12-16T17:57:57","guid":{"rendered":"https:\/\/conseilavocate.live-website.com\/?page_id=120"},"modified":"2023-05-03T11:44:36","modified_gmt":"2023-05-03T11:44:36","slug":"immigration-law","status":"publish","type":"page","link":"https:\/\/expatslawfirm.com\/fr\/immigration-law\/","title":{"rendered":"IMMIGRATION AU CANADA"},"content":{"rendered":"<div data-elementor-type=\"wp-post\" data-elementor-id=\"823\" class=\"elementor elementor-823\" data-elementor-post-type=\"page\">\n\t\t\t\t\t\t<section class=\"elementor-section elementor-top-section elementor-element elementor-element-219bbcb elementor-section-boxed elementor-section-height-default elementor-section-height-default\" data-id=\"219bbcb\" data-element_type=\"section\" data-e-type=\"section\">\n\t\t\t\t\t\t<div class=\"elementor-container elementor-column-gap-default\">\n\t\t\t\t\t<div class=\"elementor-column elementor-col-100 elementor-top-column elementor-element elementor-element-055f088\" data-id=\"055f088\" data-element_type=\"column\" data-e-type=\"column\">\n\t\t\t<div class=\"elementor-widget-wrap elementor-element-populated\">\n\t\t\t\t\t\t<div class=\"elementor-element elementor-element-8315c6d elementor-widget elementor-widget-spacer\" data-id=\"8315c6d\" data-element_type=\"widget\" data-e-type=\"widget\" data-widget_type=\"spacer.default\">\n\t\t\t\t<div class=\"elementor-widget-container\">\n\t\t\t\t\t\t\t<div class=\"elementor-spacer\">\n\t\t\t<div class=\"elementor-spacer-inner\"><\/div>\n\t\t<\/div>\n\t\t\t\t\t\t<\/div>\n\t\t\t\t<\/div>\n\t\t\t\t\t<\/div>\n\t\t<\/div>\n\t\t\t\t\t<\/div>\n\t\t<\/section>\n\t\t\t\t<section class=\"elementor-section elementor-top-section elementor-element elementor-element-4ecd2b0 elementor-section-boxed elementor-section-height-default elementor-section-height-default\" data-id=\"4ecd2b0\" data-element_type=\"section\" data-e-type=\"section\">\n\t\t\t\t\t\t<div class=\"elementor-container elementor-column-gap-default\">\n\t\t\t\t\t<div class=\"elementor-column elementor-col-50 elementor-top-column elementor-element elementor-element-7c757ca\" data-id=\"7c757ca\" data-element_type=\"column\" data-e-type=\"column\" data-settings=\"{&quot;background_background&quot;:&quot;classic&quot;}\">\n\t\t\t<div class=\"elementor-widget-wrap elementor-element-populated\">\n\t\t\t\t\t\t<div class=\"elementor-element elementor-element-6d9650b elementor-widget elementor-widget-spacer\" data-id=\"6d9650b\" data-element_type=\"widget\" data-e-type=\"widget\" data-widget_type=\"spacer.default\">\n\t\t\t\t<div class=\"elementor-widget-container\">\n\t\t\t\t\t\t\t<div class=\"elementor-spacer\">\n\t\t\t<div class=\"elementor-spacer-inner\"><\/div>\n\t\t<\/div>\n\t\t\t\t\t\t<\/div>\n\t\t\t\t<\/div>\n\t\t\t\t<div class=\"elementor-element elementor-element-cad4b1b elementor-widget__width-initial elementor-widget elementor-widget-heading\" data-id=\"cad4b1b\" data-element_type=\"widget\" data-e-type=\"widget\" data-widget_type=\"heading.default\">\n\t\t\t\t<div class=\"elementor-widget-container\">\n\t\t\t\t\t<h1 class=\"elementor-heading-title elementor-size-xl\">Droit de l&#039;immigration<\/h1>\t\t\t\t<\/div>\n\t\t\t\t<\/div>\n\t\t\t\t<div class=\"elementor-element elementor-element-054a094 elementor-widget elementor-widget-spacer\" data-id=\"054a094\" data-element_type=\"widget\" data-e-type=\"widget\" data-widget_type=\"spacer.default\">\n\t\t\t\t<div class=\"elementor-widget-container\">\n\t\t\t\t\t\t\t<div class=\"elementor-spacer\">\n\t\t\t<div class=\"elementor-spacer-inner\"><\/div>\n\t\t<\/div>\n\t\t\t\t\t\t<\/div>\n\t\t\t\t<\/div>\n\t\t\t\t<div class=\"elementor-element elementor-element-06793f9 elementor-widget elementor-widget-text-editor\" data-id=\"06793f9\" data-element_type=\"widget\" data-e-type=\"widget\" data-widget_type=\"text-editor.default\">\n\t\t\t\t<div class=\"elementor-widget-container\">\n\t\t\t\t\t\t\t\t\t<p><span style=\"font-family: tahoma, arial, helvetica, sans-serif;\">Ma\u00eetre Justine Basilio est passionn\u00e9e par le droit des migrations, tant sur le plan personnel que professionnel. Elle vous conseille sur vos demandes de visas, de permis d&#039;\u00e9tudes, de permis de travail, de regroupement familial, de citoyennet\u00e9 et, plus g\u00e9n\u00e9ralement, sur toute question relative \u00e0 l&#039;immigration en France ou au Canada, ainsi que sur toute probl\u00e9matique de mobilit\u00e9.\u00a0<\/span><\/p><p><span style=\"font-family: tahoma, arial, helvetica, sans-serif;\">Elle \u00e9valuera la meilleure m\u00e9thode selon votre situation afin d&#039;entreprendre une d\u00e9marche en France ou au Canada, tant pour un s\u00e9jour temporaire que pour une demande d&#039;immigration permanente, que ce soit pour des raisons professionnelles ou pour une raison plus personnelle.<\/span><\/p>\t\t\t\t\t\t\t\t<\/div>\n\t\t\t\t<\/div>\n\t\t\t\t\t<\/div>\n\t\t<\/div>\n\t\t\t\t<div class=\"elementor-column elementor-col-50 elementor-top-column elementor-element elementor-element-1ea8d83\" data-id=\"1ea8d83\" data-element_type=\"column\" data-e-type=\"column\">\n\t\t\t<div class=\"elementor-widget-wrap elementor-element-populated\">\n\t\t\t\t\t\t<div class=\"elementor-element elementor-element-61f80ef elementor-widget elementor-widget-image\" data-id=\"61f80ef\" data-element_type=\"widget\" data-e-type=\"widget\" data-widget_type=\"image.default\">\n\t\t\t\t<div class=\"elementor-widget-container\">\n\t\t\t\t\t\t\t\t\t\t\t\t\t\t\t<img fetchpriority=\"high\" decoding=\"async\" width=\"1024\" height=\"1024\" src=\"https:\/\/expatslawfirm.com\/wp-content\/uploads\/2023\/05\/Immigration-map.png\" class=\"attachment-full size-full wp-image-2065\" alt=\"Immigration map\" srcset=\"https:\/\/expatslawfirm.com\/wp-content\/uploads\/2023\/05\/Immigration-map.png 1024w, https:\/\/expatslawfirm.com\/wp-content\/uploads\/2023\/05\/Immigration-map-300x300.png 300w, https:\/\/expatslawfirm.com\/wp-content\/uploads\/2023\/05\/Immigration-map-150x150.png 150w, https:\/\/expatslawfirm.com\/wp-content\/uploads\/2023\/05\/Immigration-map-768x768.png 768w, https:\/\/expatslawfirm.com\/wp-content\/uploads\/2023\/05\/Immigration-map-600x600.png 600w\" sizes=\"(max-width: 1024px) 100vw, 1024px\" \/>\t\t\t\t\t\t\t\t\t\t\t\t\t\t\t<\/div>\n\t\t\t\t<\/div>\n\t\t\t\t\t<\/div>\n\t\t<\/div>\n\t\t\t\t\t<\/div>\n\t\t<\/section>\n\t\t\t\t<section class=\"elementor-section elementor-top-section elementor-element elementor-element-0347dfd elementor-section-boxed elementor-section-height-default elementor-section-height-default\" data-id=\"0347dfd\" data-element_type=\"section\" data-e-type=\"section\">\n\t\t\t\t\t\t<div class=\"elementor-container elementor-column-gap-default\">\n\t\t\t\t\t<div class=\"elementor-column elementor-col-100 elementor-top-column elementor-element elementor-element-3d80e2a\" data-id=\"3d80e2a\" data-element_type=\"column\" data-e-type=\"column\">\n\t\t\t<div class=\"elementor-widget-wrap elementor-element-populated\">\n\t\t\t\t\t\t<div class=\"elementor-element elementor-element-676076b elementor-widget elementor-widget-spacer\" data-id=\"676076b\" data-element_type=\"widget\" data-e-type=\"widget\" data-widget_type=\"spacer.default\">\n\t\t\t\t<div class=\"elementor-widget-container\">\n\t\t\t\t\t\t\t<div class=\"elementor-spacer\">\n\t\t\t<div class=\"elementor-spacer-inner\"><\/div>\n\t\t<\/div>\n\t\t\t\t\t\t<\/div>\n\t\t\t\t<\/div>\n\t\t\t\t\t<\/div>\n\t\t<\/div>\n\t\t\t\t\t<\/div>\n\t\t<\/section>\n\t\t\t\t<\/div>","protected":false},"excerpt":{"rendered":"<p>Immigration Law The lawyer Justine Basilio has a personal and professional passion for migration law. She advises you on your applications for visas, study permits, work permits, family reunification, citizenship and more generally on any question related to immigration to France or Canada as well as any problem related to mobility.\u00a0 She will evaluate the [&hellip;]<\/p>\n","protected":false},"author":1,"featured_media":0,"parent":0,"menu_order":0,"comment_status":"closed","ping_status":"closed","template":"elementor_header_footer","meta":{"footnotes":""},"class_list":["post-823","page","type-page","status-publish","hentry","entry"],"_links":{"self":[{"href":"https:\/\/expatslawfirm.com\/fr\/wp-json\/wp\/v2\/pages\/823","targetHints":{"allow":["GET"]}}],"collection":[{"href":"https:\/\/expatslawfirm.com\/fr\/wp-json\/wp\/v2\/pages"}],"about":[{"href":"https:\/\/expatslawfirm.com\/fr\/wp-json\/wp\/v2\/types\/page"}],"author":[{"embeddable":true,"href":"https:\/\/expatslawfirm.com\/fr\/wp-json\/wp\/v2\/users\/1"}],"replies":[{"embeddable":true,"href":"https:\/\/expatslawfirm.com\/fr\/wp-json\/wp\/v2\/comments?post=823"}],"version-history":[{"count":29,"href":"https:\/\/expatslawfirm.com\/fr\/wp-json\/wp\/v2\/pages\/823\/revisions"}],"predecessor-version":[{"id":2068,"href":"https:\/\/expatslawfirm.com\/fr\/wp-json\/wp\/v2\/pages\/823\/revisions\/2068"}],"wp:attachment":[{"href":"https:\/\/expatslawfirm.com\/fr\/wp-json\/wp\/v2\/media?parent=823"}],"curies":[{"name":"wp","href":"https:\/\/api.w.org\/{rel}","templated":true}]}}