{"id":825,"date":"2019-12-16T18:02:52","date_gmt":"2019-12-16T18:02:52","guid":{"rendered":"https:\/\/conseilavocate.live-website.com\/?page_id=124"},"modified":"2023-05-03T11:42:33","modified_gmt":"2023-05-03T11:42:33","slug":"business-law-banking-and-financial-law","status":"publish","type":"page","link":"https:\/\/expatslawfirm.com\/fr\/business-law-banking-and-financial-law\/","title":{"rendered":"CR\u00c9ATION D&#039;ENTREPRISE AUX \u00c9MIRATS ARABES UNIS"},"content":{"rendered":"<div data-elementor-type=\"wp-post\" data-elementor-id=\"825\" class=\"elementor elementor-825\" data-elementor-post-type=\"page\">\n\t\t\t\t\t\t<section class=\"elementor-section elementor-top-section elementor-element elementor-element-b89d035 elementor-section-boxed elementor-section-height-default elementor-section-height-default\" data-id=\"b89d035\" data-element_type=\"section\" data-e-type=\"section\">\n\t\t\t\t\t\t<div class=\"elementor-container elementor-column-gap-default\">\n\t\t\t\t\t<div class=\"elementor-column elementor-col-100 elementor-top-column elementor-element elementor-element-202043d\" data-id=\"202043d\" data-element_type=\"column\" data-e-type=\"column\">\n\t\t\t<div class=\"elementor-widget-wrap elementor-element-populated\">\n\t\t\t\t\t\t<div class=\"elementor-element elementor-element-45cd76c elementor-widget elementor-widget-spacer\" data-id=\"45cd76c\" data-element_type=\"widget\" data-e-type=\"widget\" data-widget_type=\"spacer.default\">\n\t\t\t\t<div class=\"elementor-widget-container\">\n\t\t\t\t\t\t\t<div class=\"elementor-spacer\">\n\t\t\t<div class=\"elementor-spacer-inner\"><\/div>\n\t\t<\/div>\n\t\t\t\t\t\t<\/div>\n\t\t\t\t<\/div>\n\t\t\t\t\t<\/div>\n\t\t<\/div>\n\t\t\t\t\t<\/div>\n\t\t<\/section>\n\t\t\t\t<section class=\"elementor-section elementor-top-section elementor-element elementor-element-5aace19 elementor-section-boxed elementor-section-height-default elementor-section-height-default\" data-id=\"5aace19\" data-element_type=\"section\" data-e-type=\"section\">\n\t\t\t\t\t\t<div class=\"elementor-container elementor-column-gap-default\">\n\t\t\t\t\t<div class=\"elementor-column elementor-col-50 elementor-top-column elementor-element elementor-element-60eeb4a\" data-id=\"60eeb4a\" data-element_type=\"column\" data-e-type=\"column\" data-settings=\"{&quot;background_background&quot;:&quot;classic&quot;}\">\n\t\t\t<div class=\"elementor-widget-wrap elementor-element-populated\">\n\t\t\t\t\t\t<div class=\"elementor-element elementor-element-23f5f7c elementor-widget__width-initial elementor-widget elementor-widget-heading\" data-id=\"23f5f7c\" data-element_type=\"widget\" data-e-type=\"widget\" data-widget_type=\"heading.default\">\n\t\t\t\t<div class=\"elementor-widget-container\">\n\t\t\t\t\t<h1 class=\"elementor-heading-title elementor-size-xl\">Droit des affaires et droit financier<\/h1>\t\t\t\t<\/div>\n\t\t\t\t<\/div>\n\t\t\t\t<div class=\"elementor-element elementor-element-5e84cdb elementor-widget elementor-widget-spacer\" data-id=\"5e84cdb\" data-element_type=\"widget\" data-e-type=\"widget\" data-widget_type=\"spacer.default\">\n\t\t\t\t<div class=\"elementor-widget-container\">\n\t\t\t\t\t\t\t<div class=\"elementor-spacer\">\n\t\t\t<div class=\"elementor-spacer-inner\"><\/div>\n\t\t<\/div>\n\t\t\t\t\t\t<\/div>\n\t\t\t\t<\/div>\n\t\t\t\t<div class=\"elementor-element elementor-element-ef1a712 elementor-widget elementor-widget-text-editor\" data-id=\"ef1a712\" data-element_type=\"widget\" data-e-type=\"widget\" data-widget_type=\"text-editor.default\">\n\t\t\t\t<div class=\"elementor-widget-container\">\n\t\t\t\t\t\t\t\t\t<p><span style=\"font-family: tahoma, arial, helvetica, sans-serif;\">L&#039;avocate Justine Basilio vous accompagne tout au long de votre d\u00e9marche <span style=\"text-decoration: underline;\"><strong>la vie de votre entreprise<\/strong><\/span>; que ce soit pour la cr\u00e9ation de votre entreprise, sa vie quotidienne et annuelle, sa restructuration ou sa cessation d&#039;activit\u00e9. Elle peut par exemple vous assister dans la r\u00e9daction de contrats de soci\u00e9t\u00e9s de droit fran\u00e7ais et qu\u00e9b\u00e9cois et leur enregistrement, mais aussi en cas de probl\u00e8mes entre actionnaires ou avec l&#039;administration fiscale. <\/span>Le cabinet peut \u00e9galement vous aider <span style=\"text-decoration: underline;\"><strong>implanter votre entreprise en France et au Qu\u00e9bec<\/strong><\/span>, de mani\u00e8re temporaire ou permanente. Elle peut vous accompagner dans la cr\u00e9ation de diff\u00e9rentes structures, dans les contrats et proc\u00e9dures de vos salari\u00e9s, mais aussi pour l&#039;emploi de personnes sur ces territoires afin de respecter le droit du travail et les exigences fiscales fran\u00e7aises. Enfin, forte de son exp\u00e9rience bancaire et de sa sp\u00e9cialisation en <span style=\"text-decoration: underline;\"><strong>Droit bancaire et financier fran\u00e7ais, europ\u00e9en et qu\u00e9b\u00e9cois<\/strong><\/span>Justine Basilio assiste les particuliers, les personnes morales locales et internationales confront\u00e9es \u00e0 des probl\u00e9matiques de droit bancaire et financier.<\/p>\t\t\t\t\t\t\t\t<\/div>\n\t\t\t\t<\/div>\n\t\t\t\t\t<\/div>\n\t\t<\/div>\n\t\t\t\t<div class=\"elementor-column elementor-col-50 elementor-top-column elementor-element elementor-element-602e9da\" data-id=\"602e9da\" data-element_type=\"column\" data-e-type=\"column\">\n\t\t\t<div class=\"elementor-widget-wrap elementor-element-populated\">\n\t\t\t\t\t\t<div class=\"elementor-element elementor-element-77fb75f elementor-widget elementor-widget-image\" data-id=\"77fb75f\" data-element_type=\"widget\" data-e-type=\"widget\" data-widget_type=\"image.default\">\n\t\t\t\t<div class=\"elementor-widget-container\">\n\t\t\t\t\t\t\t\t\t\t\t\t\t\t\t<img fetchpriority=\"high\" decoding=\"async\" width=\"1024\" height=\"1024\" src=\"https:\/\/expatslawfirm.com\/wp-content\/uploads\/2023\/05\/Business-and-Financial-Law.png\" class=\"attachment-full size-full wp-image-2061\" alt=\"Business and Financial Law\" srcset=\"https:\/\/expatslawfirm.com\/wp-content\/uploads\/2023\/05\/Business-and-Financial-Law.png 1024w, https:\/\/expatslawfirm.com\/wp-content\/uploads\/2023\/05\/Business-and-Financial-Law-300x300.png 300w, https:\/\/expatslawfirm.com\/wp-content\/uploads\/2023\/05\/Business-and-Financial-Law-150x150.png 150w, https:\/\/expatslawfirm.com\/wp-content\/uploads\/2023\/05\/Business-and-Financial-Law-768x768.png 768w, https:\/\/expatslawfirm.com\/wp-content\/uploads\/2023\/05\/Business-and-Financial-Law-600x600.png 600w\" sizes=\"(max-width: 1024px) 100vw, 1024px\" \/>\t\t\t\t\t\t\t\t\t\t\t\t\t\t\t<\/div>\n\t\t\t\t<\/div>\n\t\t\t\t\t<\/div>\n\t\t<\/div>\n\t\t\t\t\t<\/div>\n\t\t<\/section>\n\t\t\t\t<section class=\"elementor-section elementor-top-section elementor-element elementor-element-c75a977 elementor-section-boxed elementor-section-height-default elementor-section-height-default\" data-id=\"c75a977\" data-element_type=\"section\" data-e-type=\"section\">\n\t\t\t\t\t\t<div class=\"elementor-container elementor-column-gap-default\">\n\t\t\t\t\t<div class=\"elementor-column elementor-col-100 elementor-top-column elementor-element elementor-element-3237e2e\" data-id=\"3237e2e\" data-element_type=\"column\" data-e-type=\"column\">\n\t\t\t<div class=\"elementor-widget-wrap elementor-element-populated\">\n\t\t\t\t\t\t<div class=\"elementor-element elementor-element-6ab4446 elementor-widget elementor-widget-spacer\" data-id=\"6ab4446\" data-element_type=\"widget\" data-e-type=\"widget\" data-widget_type=\"spacer.default\">\n\t\t\t\t<div class=\"elementor-widget-container\">\n\t\t\t\t\t\t\t<div class=\"elementor-spacer\">\n\t\t\t<div class=\"elementor-spacer-inner\"><\/div>\n\t\t<\/div>\n\t\t\t\t\t\t<\/div>\n\t\t\t\t<\/div>\n\t\t\t\t\t<\/div>\n\t\t<\/div>\n\t\t\t\t\t<\/div>\n\t\t<\/section>\n\t\t\t\t<\/div>","protected":false},"excerpt":{"rendered":"<p>Business &#038; Financial Law The lawyer Justine Basilio accompanies you throughout the life of your company; whether it is for the creation of your company, its daily and annual life, its restructuring or its end of life. For instance, she can assist you in drafting company contracts under French and Quebec law and their registration, [&hellip;]<\/p>\n","protected":false},"author":1,"featured_media":0,"parent":0,"menu_order":0,"comment_status":"closed","ping_status":"closed","template":"elementor_header_footer","meta":{"footnotes":""},"class_list":["post-825","page","type-page","status-publish","hentry","entry"],"_links":{"self":[{"href":"https:\/\/expatslawfirm.com\/fr\/wp-json\/wp\/v2\/pages\/825","targetHints":{"allow":["GET"]}}],"collection":[{"href":"https:\/\/expatslawfirm.com\/fr\/wp-json\/wp\/v2\/pages"}],"about":[{"href":"https:\/\/expatslawfirm.com\/fr\/wp-json\/wp\/v2\/types\/page"}],"author":[{"embeddable":true,"href":"https:\/\/expatslawfirm.com\/fr\/wp-json\/wp\/v2\/users\/1"}],"replies":[{"embeddable":true,"href":"https:\/\/expatslawfirm.com\/fr\/wp-json\/wp\/v2\/comments?post=825"}],"version-history":[{"count":20,"href":"https:\/\/expatslawfirm.com\/fr\/wp-json\/wp\/v2\/pages\/825\/revisions"}],"predecessor-version":[{"id":2064,"href":"https:\/\/expatslawfirm.com\/fr\/wp-json\/wp\/v2\/pages\/825\/revisions\/2064"}],"wp:attachment":[{"href":"https:\/\/expatslawfirm.com\/fr\/wp-json\/wp\/v2\/media?parent=825"}],"curies":[{"name":"wp","href":"https:\/\/api.w.org\/{rel}","templated":true}]}}