{"id":827,"date":"2021-06-16T09:04:25","date_gmt":"2021-06-16T09:04:25","guid":{"rendered":"https:\/\/conseilavocate.live-website.com\/?page_id=127"},"modified":"2023-05-03T11:45:32","modified_gmt":"2023-05-03T11:45:32","slug":"expatriate-law","status":"publish","type":"page","link":"https:\/\/expatslawfirm.com\/fr\/expatriate-law\/","title":{"rendered":"SERVICES FISCAUX INTERNATIONAUX"},"content":{"rendered":"<div data-elementor-type=\"wp-post\" data-elementor-id=\"827\" class=\"elementor elementor-827\" data-elementor-post-type=\"page\">\n\t\t\t\t\t\t<section class=\"elementor-section elementor-top-section elementor-element elementor-element-039215f elementor-section-boxed elementor-section-height-default elementor-section-height-default\" data-id=\"039215f\" data-element_type=\"section\" data-e-type=\"section\">\n\t\t\t\t\t\t<div class=\"elementor-container elementor-column-gap-default\">\n\t\t\t\t\t<div class=\"elementor-column elementor-col-100 elementor-top-column elementor-element elementor-element-3dc1d49\" data-id=\"3dc1d49\" data-element_type=\"column\" data-e-type=\"column\">\n\t\t\t<div class=\"elementor-widget-wrap elementor-element-populated\">\n\t\t\t\t\t\t<div class=\"elementor-element elementor-element-85b1e7f elementor-widget elementor-widget-spacer\" data-id=\"85b1e7f\" data-element_type=\"widget\" data-e-type=\"widget\" data-widget_type=\"spacer.default\">\n\t\t\t\t<div class=\"elementor-widget-container\">\n\t\t\t\t\t\t\t<div class=\"elementor-spacer\">\n\t\t\t<div class=\"elementor-spacer-inner\"><\/div>\n\t\t<\/div>\n\t\t\t\t\t\t<\/div>\n\t\t\t\t<\/div>\n\t\t\t\t\t<\/div>\n\t\t<\/div>\n\t\t\t\t\t<\/div>\n\t\t<\/section>\n\t\t\t\t<section class=\"elementor-section elementor-top-section elementor-element elementor-element-710461f elementor-section-boxed elementor-section-height-default elementor-section-height-default\" data-id=\"710461f\" data-element_type=\"section\" data-e-type=\"section\">\n\t\t\t\t\t\t<div class=\"elementor-container elementor-column-gap-default\">\n\t\t\t\t\t<div class=\"elementor-column elementor-col-50 elementor-top-column elementor-element elementor-element-1fdd0cf\" data-id=\"1fdd0cf\" data-element_type=\"column\" data-e-type=\"column\" data-settings=\"{&quot;background_background&quot;:&quot;classic&quot;}\">\n\t\t\t<div class=\"elementor-widget-wrap elementor-element-populated\">\n\t\t\t\t\t\t<div class=\"elementor-element elementor-element-c737475 elementor-widget__width-initial elementor-widget elementor-widget-heading\" data-id=\"c737475\" data-element_type=\"widget\" data-e-type=\"widget\" data-widget_type=\"heading.default\">\n\t\t\t\t<div class=\"elementor-widget-container\">\n\t\t\t\t\t<h1 class=\"elementor-heading-title elementor-size-xl\">Droit des expatri\u00e9s<\/h1>\t\t\t\t<\/div>\n\t\t\t\t<\/div>\n\t\t\t\t<div class=\"elementor-element elementor-element-b5da54d elementor-widget elementor-widget-spacer\" data-id=\"b5da54d\" data-element_type=\"widget\" data-e-type=\"widget\" data-widget_type=\"spacer.default\">\n\t\t\t\t<div class=\"elementor-widget-container\">\n\t\t\t\t\t\t\t<div class=\"elementor-spacer\">\n\t\t\t<div class=\"elementor-spacer-inner\"><\/div>\n\t\t<\/div>\n\t\t\t\t\t\t<\/div>\n\t\t\t\t<\/div>\n\t\t\t\t<div class=\"elementor-element elementor-element-1b80fad elementor-widget elementor-widget-text-editor\" data-id=\"1b80fad\" data-element_type=\"widget\" data-e-type=\"widget\" data-widget_type=\"text-editor.default\">\n\t\t\t\t<div class=\"elementor-widget-container\">\n\t\t\t\t\t\t\t\t\t<p><span style=\"font-family: tahoma, arial, helvetica, sans-serif;\">Aussi formidable que soit l&#039;expatriation, elle reste pour beaucoup d&#039;expatri\u00e9s une source de difficult\u00e9s fiscales. O\u00f9 que vous soyez dans le monde, quelle que soit votre profession, la raison de votre d\u00e9part ou la proximit\u00e9 de votre pays d&#039;origine, des questions fiscales subsistent. Notre \u00e9quipe d&#039;experts fiscaux <span style=\"text-decoration: underline;\"><strong>approuv\u00e9 par les autorit\u00e9s fiscales<\/strong><\/span> est \u00e0 vos c\u00f4t\u00e9s pour toutes vos probl\u00e9matiques fiscales que vous pourriez rencontrer en tant qu&#039;expatri\u00e9 \/ non-r\u00e9sident.<\/span><\/p><p><span style=\"font-family: tahoma, arial, helvetica, sans-serif;\">Le droit fiscal est partout :<\/span><\/p><ul><li><span style=\"font-family: tahoma, arial, helvetica, sans-serif;\">Que ce soit pour vous accompagner dans la <span style=\"text-decoration: underline;\"><strong>la vie de votre entreprise<\/strong><\/span> toujours existant en France, ou au contraire pour la cr\u00e9ation d&#039;une entreprise en France alors que vous \u00eates actuellement \u00e0 l&#039;\u00e9tranger.<\/span><\/li><li><span style=\"font-family: tahoma, arial, helvetica, sans-serif;\">Que ce soit pour g\u00e9rer ou vous aider dans votre <span style=\"text-decoration: underline;\"><strong>d\u00e9clarations fiscales dans votre pays d&#039;origine ou dans votre nouveau pays<\/strong><\/span> en raison d&#039;un bien, d&#039;un patrimoine ou d&#039;un revenu ou pour vous permettre d&#039;\u00e9viter la double imposition entre votre pays d&#039;accueil et votre pays d&#039;origine.<\/span><\/li><li><span style=\"font-family: tahoma, arial, helvetica, sans-serif;\">Que ce soit pour vous assister dans votre <span style=\"text-decoration: underline;\"><strong>relations avec les autorit\u00e9s fiscales<\/strong><\/span> \u00e0 toutes les \u00e9tapes de votre vie.<\/span><\/li><li><span style=\"font-family: tahoma, arial, helvetica, sans-serif;\">Que ce soit pour <span style=\"text-decoration: underline;\"><strong>consultation ou litige avec une autorit\u00e9 fiscale.<\/strong><\/span><\/span><\/li><\/ul>\t\t\t\t\t\t\t\t<\/div>\n\t\t\t\t<\/div>\n\t\t\t\t\t<\/div>\n\t\t<\/div>\n\t\t\t\t<div class=\"elementor-column elementor-col-50 elementor-top-column elementor-element elementor-element-6b098d8\" data-id=\"6b098d8\" data-element_type=\"column\" data-e-type=\"column\">\n\t\t\t<div class=\"elementor-widget-wrap elementor-element-populated\">\n\t\t\t\t\t\t<div class=\"elementor-element elementor-element-bcb89b9 elementor-widget elementor-widget-image\" data-id=\"bcb89b9\" data-element_type=\"widget\" data-e-type=\"widget\" data-widget_type=\"image.default\">\n\t\t\t\t<div class=\"elementor-widget-container\">\n\t\t\t\t\t\t\t\t\t\t\t\t\t\t\t<img fetchpriority=\"high\" decoding=\"async\" width=\"1024\" height=\"1024\" src=\"https:\/\/expatslawfirm.com\/wp-content\/uploads\/2023\/05\/Expatriate-tax-law.png\" class=\"attachment-full size-full wp-image-2069\" alt=\"Expatriate tax law\" srcset=\"https:\/\/expatslawfirm.com\/wp-content\/uploads\/2023\/05\/Expatriate-tax-law.png 1024w, https:\/\/expatslawfirm.com\/wp-content\/uploads\/2023\/05\/Expatriate-tax-law-300x300.png 300w, https:\/\/expatslawfirm.com\/wp-content\/uploads\/2023\/05\/Expatriate-tax-law-150x150.png 150w, https:\/\/expatslawfirm.com\/wp-content\/uploads\/2023\/05\/Expatriate-tax-law-768x768.png 768w, https:\/\/expatslawfirm.com\/wp-content\/uploads\/2023\/05\/Expatriate-tax-law-600x600.png 600w\" sizes=\"(max-width: 1024px) 100vw, 1024px\" \/>\t\t\t\t\t\t\t\t\t\t\t\t\t\t\t<\/div>\n\t\t\t\t<\/div>\n\t\t\t\t\t<\/div>\n\t\t<\/div>\n\t\t\t\t\t<\/div>\n\t\t<\/section>\n\t\t\t\t<section class=\"elementor-section elementor-top-section elementor-element elementor-element-17f635c elementor-section-boxed elementor-section-height-default elementor-section-height-default\" data-id=\"17f635c\" data-element_type=\"section\" data-e-type=\"section\">\n\t\t\t\t\t\t<div class=\"elementor-container elementor-column-gap-default\">\n\t\t\t\t\t<div class=\"elementor-column elementor-col-100 elementor-top-column elementor-element elementor-element-574de14\" data-id=\"574de14\" data-element_type=\"column\" data-e-type=\"column\">\n\t\t\t<div class=\"elementor-widget-wrap elementor-element-populated\">\n\t\t\t\t\t\t<div class=\"elementor-element elementor-element-76ea91b elementor-widget elementor-widget-spacer\" data-id=\"76ea91b\" data-element_type=\"widget\" data-e-type=\"widget\" data-widget_type=\"spacer.default\">\n\t\t\t\t<div class=\"elementor-widget-container\">\n\t\t\t\t\t\t\t<div class=\"elementor-spacer\">\n\t\t\t<div class=\"elementor-spacer-inner\"><\/div>\n\t\t<\/div>\n\t\t\t\t\t\t<\/div>\n\t\t\t\t<\/div>\n\t\t\t\t\t<\/div>\n\t\t<\/div>\n\t\t\t\t\t<\/div>\n\t\t<\/section>\n\t\t\t\t<section class=\"elementor-section elementor-top-section elementor-element elementor-element-cf2be43 elementor-section-boxed elementor-section-height-default elementor-section-height-default\" data-id=\"cf2be43\" data-element_type=\"section\" data-e-type=\"section\">\n\t\t\t\t\t\t<div class=\"elementor-container elementor-column-gap-default\">\n\t\t\t\t\t<div class=\"elementor-column elementor-col-100 elementor-top-column elementor-element elementor-element-44848a5\" data-id=\"44848a5\" data-element_type=\"column\" data-e-type=\"column\">\n\t\t\t<div class=\"elementor-widget-wrap elementor-element-populated\">\n\t\t\t\t\t\t<div class=\"elementor-element elementor-element-8f27592 elementor-widget elementor-widget-menu-anchor\" data-id=\"8f27592\" data-element_type=\"widget\" data-e-type=\"widget\" data-widget_type=\"menu-anchor.default\">\n\t\t\t\t<div class=\"elementor-widget-container\">\n\t\t\t\t\t\t\t<div class=\"elementor-menu-anchor\" id=\"contact\"><\/div>\n\t\t\t\t\t\t<\/div>\n\t\t\t\t<\/div>\n\t\t\t\t\t<\/div>\n\t\t<\/div>\n\t\t\t\t\t<\/div>\n\t\t<\/section>\n\t\t\t\t<\/div>","protected":false},"excerpt":{"rendered":"<p>Expatriate Law As wonderful as expatriation is, for many expatriates it remains a source of difficult tax issues. No matter where you are in the world, what your profession is, why you are going abroad or how close you still are to your home country, tax issues remain. Our team of tax experts approved by [&hellip;]<\/p>\n","protected":false},"author":1,"featured_media":0,"parent":0,"menu_order":23,"comment_status":"open","ping_status":"open","template":"elementor_header_footer","meta":{"footnotes":""},"class_list":["post-827","page","type-page","status-publish","hentry","entry"],"_links":{"self":[{"href":"https:\/\/expatslawfirm.com\/fr\/wp-json\/wp\/v2\/pages\/827","targetHints":{"allow":["GET"]}}],"collection":[{"href":"https:\/\/expatslawfirm.com\/fr\/wp-json\/wp\/v2\/pages"}],"about":[{"href":"https:\/\/expatslawfirm.com\/fr\/wp-json\/wp\/v2\/types\/page"}],"author":[{"embeddable":true,"href":"https:\/\/expatslawfirm.com\/fr\/wp-json\/wp\/v2\/users\/1"}],"replies":[{"embeddable":true,"href":"https:\/\/expatslawfirm.com\/fr\/wp-json\/wp\/v2\/comments?post=827"}],"version-history":[{"count":38,"href":"https:\/\/expatslawfirm.com\/fr\/wp-json\/wp\/v2\/pages\/827\/revisions"}],"predecessor-version":[{"id":2072,"href":"https:\/\/expatslawfirm.com\/fr\/wp-json\/wp\/v2\/pages\/827\/revisions\/2072"}],"wp:attachment":[{"href":"https:\/\/expatslawfirm.com\/fr\/wp-json\/wp\/v2\/media?parent=827"}],"curies":[{"name":"wp","href":"https:\/\/api.w.org\/{rel}","templated":true}]}}